{"id":715,"date":"2018-06-21T14:28:48","date_gmt":"2018-06-21T14:28:48","guid":{"rendered":"https:\/\/app-cprd-cardiffstory.azurewebsites.net\/?page_id=715"},"modified":"2024-07-02T15:15:02","modified_gmt":"2024-07-02T15:15:02","slug":"eitemau-a-straeon","status":"publish","type":"page","link":"https:\/\/cardiffmuseum.com\/cy\/eitemau-a-straeon\/","title":{"rendered":"Eitemau a Straeon"},"content":{"rendered":"<div class=\"wpb-content-wrapper\"><p>[vc_row][vc_column width=&#8221;1\/1&#8243;]<div class=\"spacer\" style=\"height: 20px;\"><\/div>[\/vc_column][\/vc_row][vc_row top_padding=&#8221;50&#8243; bottom_padding=&#8221;50&#8243;][vc_column width=&#8221;1\/2&#8243;][vc_column_text]<\/p>\n<h2>YNGL\u0176N \u00c2\u2019R CASGLIAD<\/h2>\n<p>Mae ein casgliad yn rhan bwysig o dreftadaeth Caerdydd ac yn ein helpu i adrodd hanes y ddinas, o&#8217;r amseroedd cynharaf, trwy gydol y twf glo diwydiannol, hyd at y diwrnod presennol.<\/p>\n<p>Ynghlwm wrth y rhan fwyaf o eitemau, effemera a ffotograffau rydym yn eu casglu mae straeon personol, felly y bobl sydd wedi siapio\u2019r ddinas sy\u2019n adrodd ei hanes.<\/p>\n<p>Rydym bob amser yn casglu! Rydym yn parhau i ychwanegu at ein casgliad i sicrhau ein bod yn cynrychioli amrywiaeth Caerdydd a\u2019i chymunedau, ei gorffennol a\u2019i phresennol.<\/p>\n<p>Rydym yn casglu eitemau o\u2019r gorffennol ac o heddiw \u2013 mae casglu cyfoes yn bwysig i ni. Mae casglu eitemau a straeon o\u2019r dyddiad presennol yn golygu y bydd cenedlaethau&#8217;r dyfodol yn gwybod pa si\u00e2p oedd ar Gaerdydd heddiw.[\/vc_column_text][\/vc_column][vc_column width=&#8221;1\/2&#8243;][vc_column_text]<\/p>\n<h2>Casgliadau Ar-lein<\/h2>\n<p>Mae casgliad Amgueddfa Caerdydd yn adrodd hanes Caerdydd a&#8217;r bobl sydd wedi byw, gweithio a chwarae yma dros y canrifoedd.[\/vc_column_text][vc_single_image image=&#8221;3137&#8243; img_size=&#8221;large&#8221;][\/vc_column][\/vc_row][vc_row][vc_column width=&#8221;1\/1&#8243;]<a href=\"https:\/\/csy-apw.adlibhosting.com\/AIS6\/search\/simple\" target=\"_blank\" class=\"button green full \" style=\"border-radius: 2px;\">Casgliadau Ar-lein<\/a><div class=\"spacer\" style=\"height: 20px;\"><\/div><div class=\"box clearfix style-1 wpb_content_element align-left \" style=\"padding: 5px 5px 5px 5px; \"><strong>Hawlfraint<\/strong><\/p>\n<p>Mae hawlfraint y delweddau a\u2019r cynnwys ar y wefan hon yn perthyn i Amgueddfa Caerdydd a deiliaid unigol.\u00a0 Rydym wedi ceisio sicrhau ein bod wedi cysylltu \u00e2 deiliaid hawliau a gofyn am ganiat\u00e2d ganddynt i ddefnyddio unrhyw beth ar y wefan hon.\u00a0 Cysylltwch \u00e2 ni i roi gwybod i ni am unrhyw hepgoriadau neu wallau, a byddwn yn sicrhau eu bod yn cael eu cywiro.<\/p>\n<p>Wedi\u2019i ariannu gan Llywodraeth Cymru, a Ffederasiwn Amgueddfeydd ac Orielau Celf Cymru.<\/div><div class=\"spacer\" style=\"height: 40px;\"><\/div>[vc_column_text]<\/p>\n<h1>Eitemau a straeon<\/h1>\n<p>[\/vc_column_text][\/vc_column][\/vc_row][vc_row top_padding=&#8221;50&#8243; bottom_padding=&#8221;50&#8243;][vc_column width=&#8221;1\/3&#8243;]<div class=\"imagebox wpb_content_element style-2\"><div class=\"imagebox-img\"><img decoding=\"async\" src=\"https:\/\/cardiffmuseum.com\/wp-content\/uploads\/2018\/04\/teapot.jpg\" alt=\"Teapot\" \/><\/div>Mae\u2019r tebot hwn wedi croesi M\u00f4r yr Iwerydd ddwywaith.\u00a0\u00a0 Fe\u2019i rhoddwyd i Maggie Williams Harris ym 1927 pan oedd ar fin camu ar long yn Nociau Caerdydd i\u2019w chludo hi a\u2019i theulu ifanc i Ganada i ddechrau bywyd newydd.\u00a0 Pan symudodd wyres Maggie yn \u00f4l i Gymru, daeth \u00e2\u2019r tebot gyda hi a\u2019i roi i Stori Caerdydd<\/div>[\/vc_column][vc_column width=&#8221;1\/3&#8243;]<div class=\"imagebox wpb_content_element style-2\"><div class=\"imagebox-img\"><img decoding=\"async\" src=\"https:\/\/cardiffmuseum.com\/wp-content\/uploads\/2020\/01\/Clock-Object-Page-Crop.jpg\" alt=\"Clock, Museum Object, Heritage, Cardiff, Caroline Street\" \/><\/div>Cafodd y cloc hwn ei greu gan Edward Kaltenbach, ar ddiwedd y 1800au fwy na thebyg. Daeth Edward i Gaerdydd o Baden (sydd bellach yn rhan o\u2019r Almaen) ac agorodd siop gemwaith a watshis ym 1866. Roedd y teulu\u2019n byw yn y siop ar Stryd Caroline am 131 o flynyddoedd, tan i\u2019w wyresau ei chau ym 1997.<\/div>[\/vc_column][vc_column width=&#8221;1\/3&#8243;]<div class=\"imagebox wpb_content_element style-2\"><div class=\"imagebox-img\"><img decoding=\"async\" src=\"https:\/\/cardiffmuseum.com\/wp-content\/uploads\/2018\/04\/tambourine-1.jpg\" alt=\"Tambourine\" \/><\/div>Symudodd teulu Veronica Smith o\u2019r Eidal i Gaerdydd yn y 19eg ganrif.\u00a0 Tambwr\u00een mam-gu Veronica oedd hwn. Bu hi a&#8217;i g\u0175r yn chwarae cerddoriaeth am arian ar eu taith o&#8217;r Eidal i Gaerdydd, gan ddringo&#8217;r Alpau ar eu ffordd.\u00a0 Fel llawer o deuluoedd Eidalaidd eraill, gwnaethant ymgartrefu yn Adamsdown.<\/div>[\/vc_column][\/vc_row][vc_row top_padding=&#8221;40&#8243; bottom_padding=&#8221;40&#8243;][vc_column width=&#8221;1\/1&#8243;]<h2 class=\"headline font-inherit fontsize-xxl fontweight-inherit lh-inherit align-left transform-inherit \" style=\"margin: 0 0 20px 0;\">Sut mae cyfrannu eitem neu stori<\/h2>[vc_column_text]Meddwl am gyfrannu eitemau i\u2019r casgliad? Darllenwch y canlynol am gyngor ar yr hyn i\u2019w wneud.<\/p>\n<h2><strong>Beth rydym yn ei gasglu?<\/strong><\/h2>\n<p>Rydym yn casglu deunyddiau sydd \u00e2 chyswllt cryf \u00e2 hanes Caerdydd ac yn ddelfrydol eitemau y mae straeon ac atgofion personol wedi cysylltu \u00e2 nhw.<\/p>\n<h2><strong>Gwybodaeth i&#8217;w rhoi i Amgueddfa Stori Caerdydd<\/strong><\/h2>\n<p>Pan gysylltwch \u00e2 ni byddai\u2019n ddefnyddiol pe gallech roi\u2019r canlynol:<\/p>\n<ul>\n<li>Gwybodaeth gefndir \u2013 Crynodeb byr gan gynnwys unrhyw straeon personol a sut mae\u2019r eitem yn berthnasol i hanes Caerdydd.<\/li>\n<li>Sut rydych wedi cael gafael ar yr eitem<\/li>\n<li>Dyddiadau sy\u2019n gysylltiedig \u00e2\u2019r eitem<\/li>\n<li>Ffotograff o\u2019r eitem<\/li>\n<li>Dywedwch wrthym a oes gennych unrhyw ffotograffau o\u2019r gwrthrych yn cael ei ddefnyddio<\/li>\n<li>Cyflwr yr eitem<\/li>\n<\/ul>\n<h2><strong>Rhesymau pan na allem o bosibl dderbyn eich cyfraniad<\/strong><\/h2>\n<p>Er ein bod yn gwerthfawrogi cyfraniadau\u2019n fawr, nid yw bob amser yn bosibl i ni dderbyn popeth a gynigir. Mae rhesymau dros pam na allem o bosibl dderbyn eitem yn cynnwys:<\/p>\n<ul>\n<li>Mae eisoes gennym eitem debyg yn y casgliad<\/li>\n<li>Nid oes digon o le gennym i\u2019w storio<\/li>\n<li>Mae&#8217;r eitem yn fwy addas i sefydliad treftadaeth arall<\/li>\n<li>Mae&#8217;r eitem mewn cyflwr gwael a byddai\u2019n anodd ei chadw<\/li>\n<li>Nid oes llawer o wybodaeth gysylltiedig neu nid oes cysylltiad \u00e2 hanes Caerdydd<\/li>\n<li>Nid yw\u2019n cyd-fynd \u00e2&#8217;n polisi casgliadau<\/li>\n<\/ul>\n<p>Os nad ydych yn derbyn eich eitem ar gyfer y casgliad craidd efallai y byddwn yn gofyn a allwn ni ddefnyddio eich eitem yn ein casgliad trin i gynorthwyo gyda&#8217;n gwaith dysgu ac allgymorth.<\/p>\n<p>Mae pob eitem yn cael ei hystyried yn ofalus gan y staff curadurol mewn perthynas \u00e2\u2019n polisi casgliadau a\u2019n casgliadau presennol.<\/p>\n<h2><strong>Nodwch:<\/strong><\/h2>\n<p>Ni allwn roi prisiadau<\/p>\n<p>Nid ydym fel arfer yn derbyn eitemau i\u2019w benthyg am gyfnod hir<\/p>\n<p>Ni allwn dderbyn eitemau peryglus oni bai bod rhesymau cymhellol dros wneud felly. Mae eitemau peryglus yn cynnwys drylliau, eitemau sy\u2019n cynnwys asbestos, ffrwydron, deunyddiau fflamadwy, gwenwynllyd sydd o bosibl yn garsinogenig neu ymbelydrol.<\/p>\n<h2><strong>Sut mae cysylltu \u00e2 ni<\/strong><\/h2>\n<p>E-bost: <a href=\"mailto:storicaerdydd@caerdydd.gov.uk\">storicaerdydd@caerdydd.gov.uk<\/a> gyda \u2018chyfrannu eitem\u2019 yn llinell pwnc yr e-bost<\/p>\n<p>Drwy\u2019r post: RHADBOST RSGA-BYBX-AJYE, Stori Caerdydd, Hen Lyfrgell, Heol Y Drindod, Caerdydd, CF10 1BH<\/p>\n<p>Peidiwch ag anfon yr eitem atom ni, gan nad fydd modd i ni ei dychwelyd.<\/p>\n<h2><strong>Beth nesaf?<\/strong><\/h2>\n<p>Ar \u00f4l i chi gysylltu \u00e2 ni, bydd aelod o\u2019r t\u00eem yn cysylltu \u00e2 chi a gallem ofyn am fwy o wybodaeth o bosibl.<\/p>\n<p>Unwaith y deuir i benderfyniad byddwn yn cysylltu \u00e2 chi i naill dderbyn neu wrthod eich cynnig. <strong>Nodwch fod gennym lawer o wrthrychau i\u2019w prosesu ar hyn o bryd sy\u2019n cymryd yn hirach nag yr hoffem ni.<\/strong><\/p>\n<p>Os yw eich cyfraniad yn addas i\u2019n casgliad byddwn yn trefnu cwrdd \u00e2 chi i gasglu\u2019r gwrthrych a byddwn yn gofyn i chi lofnodi ffurflen trosglwyddo teitl, sy\u2019n trosglwyddo\u2019n gyfreithiol y gwrthrych i ni i ofalu amdano.<\/p>\n<h2><strong>Cyfrannu straeon personol<\/strong><\/h2>\n<p>Oes gennych Stori Caerdydd i\u2019w hadrodd? Os felly, hoffem glywed gennych.<\/p>\n<p>E-bost: <a href=\"mailto:storicaerdydd@caerdydd.gov.uk\">storicaerdydd@caerdydd.gov.uk<\/a> gyda \u2018chyfrannu stori\u2019 yn llinell pwnc yr e-bost<\/p>\n<p>Drwy\u2019r post: RHADBOST RSGA-BYBX-AJYE, Stori Caerdydd, Hen Lyfrgell, Heol Y Drindod, Caerdydd, CF10 1BH[\/vc_column_text][\/vc_column][\/vc_row]<\/p>\n<\/div>","protected":false},"excerpt":{"rendered":"<p>[vc_row][vc_column width=&#8221;1\/1&#8243;][\/vc_column][\/vc_row][vc_row top_padding=&#8221;50&#8243; bottom_padding=&#8221;50&#8243;][vc_column width=&#8221;1\/2&#8243;][vc_column_text] YNGL\u0176N \u00c2\u2019R CASGLIAD Mae ein casgliad yn rhan bwysig o dreftadaeth Caerdydd ac yn ein helpu i adrodd hanes y ddinas, o&#8217;r amseroedd cynharaf, trwy gydol y twf glo diwydiannol, hyd at y diwrnod presennol. Ynghlwm wrth y rhan fwyaf o eitemau, effemera a ffotograffau rydym yn eu casglu mae straeon personol, felly y bobl sydd wedi siapio\u2019r ddinas sy\u2019n adrodd ei hanes. Rydym bob amser yn casglu! Rydym yn parhau i ychwanegu at ein casgliad i sicrhau ein bod yn cynrychioli amrywiaeth Caerdydd a\u2019i chymunedau, ei gorffennol a\u2019i phresennol. Rydym yn casglu eitemau o\u2019r gorffennol ac o heddiw \u2013 mae casglu cyfoes yn bwysig i ni. Mae casglu eitemau a straeon o\u2019r dyddiad presennol yn golygu y bydd cenedlaethau&#8217;r dyfodol yn gwybod pa si\u00e2p oedd ar Gaerdydd heddiw.[\/vc_column_text][\/vc_column][vc_column width=&#8221;1\/2&#8243;][vc_column_text] Casgliadau Ar-lein Mae casgliad Amgueddfa Caerdydd yn adrodd hanes Caerdydd a&#8217;r bobl sydd wedi byw, gweithio a chwarae yma dros y canrifoedd.[\/vc_column_text][vc_single_image image=&#8221;3137&#8243; img_size=&#8221;large&#8221;][\/vc_column][\/vc_row][vc_row][vc_column width=&#8221;1\/1&#8243;][vc_column_text] Eitemau a straeon [\/vc_column_text][\/vc_column][\/vc_row][vc_row top_padding=&#8221;50&#8243; bottom_padding=&#8221;50&#8243;][vc_column width=&#8221;1\/3&#8243;][\/vc_column][vc_column width=&#8221;1\/3&#8243;][\/vc_column][vc_column width=&#8221;1\/3&#8243;][\/vc_column][\/vc_row][vc_row top_padding=&#8221;40&#8243; bottom_padding=&#8221;40&#8243;][vc_column width=&#8221;1\/1&#8243;][vc_column_text]Meddwl am gyfrannu eitemau i\u2019r casgliad? Darllenwch y canlynol am gyngor ar yr hyn i\u2019w wneud. Beth rydym yn ei gasglu? Rydym yn casglu deunyddiau sydd \u00e2 chyswllt cryf [&hellip;]<\/p>\n","protected":false},"author":2,"featured_media":0,"parent":0,"menu_order":0,"comment_status":"closed","ping_status":"closed","template":"","meta":{"_acf_changed":false,"footnotes":""},"class_list":["post-715","page","type-page","status-publish","hentry"],"acf":[],"yoast_head":"<!-- This site is optimized with the Yoast SEO plugin v27.3 - https:\/\/yoast.com\/product\/yoast-seo-wordpress\/ -->\n<title>Eitemau a Straeon - Stori Caerdydd<\/title>\n<meta name=\"robots\" content=\"index, follow, max-snippet:-1, max-image-preview:large, max-video-preview:-1\" \/>\n<link rel=\"canonical\" href=\"https:\/\/cardiffmuseum.com\/cy\/eitemau-a-straeon\/\" \/>\n<meta property=\"og:locale\" content=\"cy_GB\" \/>\n<meta property=\"og:type\" content=\"article\" \/>\n<meta property=\"og:title\" content=\"Eitemau a Straeon - Stori Caerdydd\" \/>\n<meta property=\"og:description\" content=\"[vc_row][vc_column width=&#8221;1\/1&#8243;][\/vc_column][\/vc_row][vc_row top_padding=&#8221;50&#8243; bottom_padding=&#8221;50&#8243;][vc_column width=&#8221;1\/2&#8243;][vc_column_text] YNGL\u0176N \u00c2\u2019R CASGLIAD Mae ein casgliad yn rhan bwysig o dreftadaeth Caerdydd ac yn ein helpu i adrodd hanes y ddinas, o&#8217;r amseroedd cynharaf, trwy gydol y twf glo diwydiannol, hyd at y diwrnod presennol. Ynghlwm wrth y rhan fwyaf o eitemau, effemera a ffotograffau rydym yn eu casglu mae straeon personol, felly y bobl sydd wedi siapio\u2019r ddinas sy\u2019n adrodd ei hanes. Rydym bob amser yn casglu! Rydym yn parhau i ychwanegu at ein casgliad i sicrhau ein bod yn cynrychioli amrywiaeth Caerdydd a\u2019i chymunedau, ei gorffennol a\u2019i phresennol. Rydym yn casglu eitemau o\u2019r gorffennol ac o heddiw \u2013 mae casglu cyfoes yn bwysig i ni. Mae casglu eitemau a straeon o\u2019r dyddiad presennol yn golygu y bydd cenedlaethau&#8217;r dyfodol yn gwybod pa si\u00e2p oedd ar Gaerdydd heddiw.[\/vc_column_text][\/vc_column][vc_column width=&#8221;1\/2&#8243;][vc_column_text] Casgliadau Ar-lein Mae casgliad Amgueddfa Caerdydd yn adrodd hanes Caerdydd a&#8217;r bobl sydd wedi byw, gweithio a chwarae yma dros y canrifoedd.[\/vc_column_text][vc_single_image image=&#8221;3137&#8243; img_size=&#8221;large&#8221;][\/vc_column][\/vc_row][vc_row][vc_column width=&#8221;1\/1&#8243;][vc_column_text] Eitemau a straeon [\/vc_column_text][\/vc_column][\/vc_row][vc_row top_padding=&#8221;50&#8243; bottom_padding=&#8221;50&#8243;][vc_column width=&#8221;1\/3&#8243;][\/vc_column][vc_column width=&#8221;1\/3&#8243;][\/vc_column][vc_column width=&#8221;1\/3&#8243;][\/vc_column][\/vc_row][vc_row top_padding=&#8221;40&#8243; bottom_padding=&#8221;40&#8243;][vc_column width=&#8221;1\/1&#8243;][vc_column_text]Meddwl am gyfrannu eitemau i\u2019r casgliad? Darllenwch y canlynol am gyngor ar yr hyn i\u2019w wneud. Beth rydym yn ei gasglu? Rydym yn casglu deunyddiau sydd \u00e2 chyswllt cryf [&hellip;]\" \/>\n<meta property=\"og:url\" content=\"https:\/\/cardiffmuseum.com\/cy\/eitemau-a-straeon\/\" \/>\n<meta property=\"og:site_name\" content=\"Stori Caerdydd\" \/>\n<meta property=\"article:modified_time\" content=\"2024-07-02T15:15:02+00:00\" \/>\n<meta name=\"twitter:card\" content=\"summary_large_image\" \/>\n<meta name=\"twitter:label1\" content=\"Est. reading time\" \/>\n\t<meta name=\"twitter:data1\" content=\"5 minutes\" \/>\n<script type=\"application\/ld+json\" class=\"yoast-schema-graph\">{\"@context\":\"https:\\\/\\\/schema.org\",\"@graph\":[{\"@type\":\"WebPage\",\"@id\":\"https:\\\/\\\/cardiffmuseum.com\\\/cy\\\/eitemau-a-straeon\\\/\",\"url\":\"https:\\\/\\\/cardiffmuseum.com\\\/cy\\\/eitemau-a-straeon\\\/\",\"name\":\"Eitemau a Straeon - Stori Caerdydd\",\"isPartOf\":{\"@id\":\"https:\\\/\\\/cardiffmuseum.com\\\/#website\"},\"datePublished\":\"2018-06-21T14:28:48+00:00\",\"dateModified\":\"2024-07-02T15:15:02+00:00\",\"breadcrumb\":{\"@id\":\"https:\\\/\\\/cardiffmuseum.com\\\/cy\\\/eitemau-a-straeon\\\/#breadcrumb\"},\"inLanguage\":\"cy-GB\",\"potentialAction\":[{\"@type\":\"ReadAction\",\"target\":[\"https:\\\/\\\/cardiffmuseum.com\\\/cy\\\/eitemau-a-straeon\\\/\"]}]},{\"@type\":\"BreadcrumbList\",\"@id\":\"https:\\\/\\\/cardiffmuseum.com\\\/cy\\\/eitemau-a-straeon\\\/#breadcrumb\",\"itemListElement\":[{\"@type\":\"ListItem\",\"position\":1,\"name\":\"Home\",\"item\":\"https:\\\/\\\/cardiffmuseum.com\\\/cy\\\/\"},{\"@type\":\"ListItem\",\"position\":2,\"name\":\"Eitemau a Straeon\"}]},{\"@type\":\"WebSite\",\"@id\":\"https:\\\/\\\/cardiffmuseum.com\\\/#website\",\"url\":\"https:\\\/\\\/cardiffmuseum.com\\\/\",\"name\":\"Stori Caerdydd\",\"description\":\"Stori Caerdydd\",\"potentialAction\":[{\"@type\":\"SearchAction\",\"target\":{\"@type\":\"EntryPoint\",\"urlTemplate\":\"https:\\\/\\\/cardiffmuseum.com\\\/?s={search_term_string}\"},\"query-input\":{\"@type\":\"PropertyValueSpecification\",\"valueRequired\":true,\"valueName\":\"search_term_string\"}}],\"inLanguage\":\"cy-GB\"}]}<\/script>\n<!-- \/ Yoast SEO plugin. -->","yoast_head_json":{"title":"Eitemau a Straeon - Stori Caerdydd","robots":{"index":"index","follow":"follow","max-snippet":"max-snippet:-1","max-image-preview":"max-image-preview:large","max-video-preview":"max-video-preview:-1"},"canonical":"https:\/\/cardiffmuseum.com\/cy\/eitemau-a-straeon\/","og_locale":"cy_GB","og_type":"article","og_title":"Eitemau a Straeon - Stori Caerdydd","og_description":"[vc_row][vc_column width=&#8221;1\/1&#8243;][\/vc_column][\/vc_row][vc_row top_padding=&#8221;50&#8243; bottom_padding=&#8221;50&#8243;][vc_column width=&#8221;1\/2&#8243;][vc_column_text] YNGL\u0176N \u00c2\u2019R CASGLIAD Mae ein casgliad yn rhan bwysig o dreftadaeth Caerdydd ac yn ein helpu i adrodd hanes y ddinas, o&#8217;r amseroedd cynharaf, trwy gydol y twf glo diwydiannol, hyd at y diwrnod presennol. Ynghlwm wrth y rhan fwyaf o eitemau, effemera a ffotograffau rydym yn eu casglu mae straeon personol, felly y bobl sydd wedi siapio\u2019r ddinas sy\u2019n adrodd ei hanes. Rydym bob amser yn casglu! Rydym yn parhau i ychwanegu at ein casgliad i sicrhau ein bod yn cynrychioli amrywiaeth Caerdydd a\u2019i chymunedau, ei gorffennol a\u2019i phresennol. Rydym yn casglu eitemau o\u2019r gorffennol ac o heddiw \u2013 mae casglu cyfoes yn bwysig i ni. Mae casglu eitemau a straeon o\u2019r dyddiad presennol yn golygu y bydd cenedlaethau&#8217;r dyfodol yn gwybod pa si\u00e2p oedd ar Gaerdydd heddiw.[\/vc_column_text][\/vc_column][vc_column width=&#8221;1\/2&#8243;][vc_column_text] Casgliadau Ar-lein Mae casgliad Amgueddfa Caerdydd yn adrodd hanes Caerdydd a&#8217;r bobl sydd wedi byw, gweithio a chwarae yma dros y canrifoedd.[\/vc_column_text][vc_single_image image=&#8221;3137&#8243; img_size=&#8221;large&#8221;][\/vc_column][\/vc_row][vc_row][vc_column width=&#8221;1\/1&#8243;][vc_column_text] Eitemau a straeon [\/vc_column_text][\/vc_column][\/vc_row][vc_row top_padding=&#8221;50&#8243; bottom_padding=&#8221;50&#8243;][vc_column width=&#8221;1\/3&#8243;][\/vc_column][vc_column width=&#8221;1\/3&#8243;][\/vc_column][vc_column width=&#8221;1\/3&#8243;][\/vc_column][\/vc_row][vc_row top_padding=&#8221;40&#8243; bottom_padding=&#8221;40&#8243;][vc_column width=&#8221;1\/1&#8243;][vc_column_text]Meddwl am gyfrannu eitemau i\u2019r casgliad? Darllenwch y canlynol am gyngor ar yr hyn i\u2019w wneud. Beth rydym yn ei gasglu? Rydym yn casglu deunyddiau sydd \u00e2 chyswllt cryf [&hellip;]","og_url":"https:\/\/cardiffmuseum.com\/cy\/eitemau-a-straeon\/","og_site_name":"Stori Caerdydd","article_modified_time":"2024-07-02T15:15:02+00:00","twitter_card":"summary_large_image","twitter_misc":{"Est. reading time":"5 minutes"},"schema":{"@context":"https:\/\/schema.org","@graph":[{"@type":"WebPage","@id":"https:\/\/cardiffmuseum.com\/cy\/eitemau-a-straeon\/","url":"https:\/\/cardiffmuseum.com\/cy\/eitemau-a-straeon\/","name":"Eitemau a Straeon - Stori Caerdydd","isPartOf":{"@id":"https:\/\/cardiffmuseum.com\/#website"},"datePublished":"2018-06-21T14:28:48+00:00","dateModified":"2024-07-02T15:15:02+00:00","breadcrumb":{"@id":"https:\/\/cardiffmuseum.com\/cy\/eitemau-a-straeon\/#breadcrumb"},"inLanguage":"cy-GB","potentialAction":[{"@type":"ReadAction","target":["https:\/\/cardiffmuseum.com\/cy\/eitemau-a-straeon\/"]}]},{"@type":"BreadcrumbList","@id":"https:\/\/cardiffmuseum.com\/cy\/eitemau-a-straeon\/#breadcrumb","itemListElement":[{"@type":"ListItem","position":1,"name":"Home","item":"https:\/\/cardiffmuseum.com\/cy\/"},{"@type":"ListItem","position":2,"name":"Eitemau a Straeon"}]},{"@type":"WebSite","@id":"https:\/\/cardiffmuseum.com\/#website","url":"https:\/\/cardiffmuseum.com\/","name":"Stori Caerdydd","description":"Stori Caerdydd","potentialAction":[{"@type":"SearchAction","target":{"@type":"EntryPoint","urlTemplate":"https:\/\/cardiffmuseum.com\/?s={search_term_string}"},"query-input":{"@type":"PropertyValueSpecification","valueRequired":true,"valueName":"search_term_string"}}],"inLanguage":"cy-GB"}]}},"_links":{"self":[{"href":"https:\/\/cardiffmuseum.com\/cy\/wp-json\/wp\/v2\/pages\/715","targetHints":{"allow":["GET"]}}],"collection":[{"href":"https:\/\/cardiffmuseum.com\/cy\/wp-json\/wp\/v2\/pages"}],"about":[{"href":"https:\/\/cardiffmuseum.com\/cy\/wp-json\/wp\/v2\/types\/page"}],"author":[{"embeddable":true,"href":"https:\/\/cardiffmuseum.com\/cy\/wp-json\/wp\/v2\/users\/2"}],"replies":[{"embeddable":true,"href":"https:\/\/cardiffmuseum.com\/cy\/wp-json\/wp\/v2\/comments?post=715"}],"version-history":[{"count":4,"href":"https:\/\/cardiffmuseum.com\/cy\/wp-json\/wp\/v2\/pages\/715\/revisions"}],"predecessor-version":[{"id":4247,"href":"https:\/\/cardiffmuseum.com\/cy\/wp-json\/wp\/v2\/pages\/715\/revisions\/4247"}],"wp:attachment":[{"href":"https:\/\/cardiffmuseum.com\/cy\/wp-json\/wp\/v2\/media?parent=715"}],"curies":[{"name":"wp","href":"https:\/\/api.w.org\/{rel}","templated":true}]}}