{"id":2600,"date":"2020-07-23T15:03:03","date_gmt":"2020-07-23T15:03:03","guid":{"rendered":"https:\/\/app-cprd-cardiffstory.azurewebsites.net\/?page_id=2600"},"modified":"2020-07-23T15:03:03","modified_gmt":"2020-07-23T15:03:03","slug":"koto","status":"publish","type":"page","link":"https:\/\/cardiffmuseum.com\/cy\/koto\/","title":{"rendered":"Koto"},"content":{"rendered":"<div class=\"wpb-content-wrapper\"><p>[vc_row][vc_column width=&#8221;1\/1&#8243;]<h1 class=\"headline font-inherit fontsize-xxxl fontweight-inherit lh-inherit align-left transform-inherit \" style=\"margin: 0 0 20px 0;\">KOTO<\/h1><div class=\"spacer\" style=\"height: 20px;\"><\/div>[\/vc_column][\/vc_row][vc_row][vc_column width=&#8221;1\/1&#8243;][vc_column_text]<strong>Hiroko Sue yn dweud wrthym am y koto:<\/strong><\/p>\n<p>\u201cMae\u2019r koto yn offeryn ag 13 llinyn, oedd yn dod yn wreiddiol o Tsieina cyn dod i Siapan yn y 7ed ganrif. Mae\u2019n cael ei wneud allan o bren paulownia. Mewn rhai teuluoedd, mae bob cenhedlaeth yn chwarae. [Byddwch yn ei glywed mewn] seremoni de, bwyty Siapaneaidd, gwesty, digwyddiadau ac ati. [Mae\u2019n] gerddoriaeth lys draddodiadol.&#8221;<\/p>\n<p>Mae\u2019n dweud wrthym pam ei fod yn bwysig iddi: \u201cOherwydd rwyf wedi bod yn chwarae am amser hir iawn, ac roedd y s\u0175n yn f\u2019ymlacio. Roeddwn eisiau chwarae offeryn Siapaneaidd. Dechreuais ddysgu i chwarae\u2019r piano pan roeddwn yn bump oed, ond pedair blynedd yn ddiweddarach, ar \u00f4l cael ysbrydoliaeth gan gerddor h\u0177n, dechreuais ar y koto. Mae koto wedi dod \u00e2 llawer o ffrindiau a chyfleoedd i mi. Mae fy holl fywyd yn ymwneud \u00e2 koto. Dyma\u2019r dull i gyfathrebu \u00e2 phobl yn rhwydd, hyd yn oed os yw\u2019r iaith yn anodd, gallaf basio fy ysbryd ymlaen i bobl.\u201d[\/vc_column_text]<div class=\"spacer\" style=\"height: 40px;\"><\/div>[\/vc_column][\/vc_row][vc_row][vc_column width=&#8221;1\/2&#8243;][vc_single_image image=&#8221;2348&#8243; img_size=&#8221;large&#8221;][\/vc_column][vc_column width=&#8221;1\/2&#8243;][vc_video link=&#8221;https:\/\/www.youtube.com\/watch?v=2_QXIfsZQtA&#8221;][vc_column_text]<strong>Hiroko Sue yn chwarae\u2019r koto.<\/strong>[\/vc_column_text][\/vc_column][\/vc_row]<\/p>\n<\/div>","protected":false},"excerpt":{"rendered":"<p>[vc_row][vc_column width=&#8221;1\/1&#8243;][\/vc_column][\/vc_row][vc_row][vc_column width=&#8221;1\/1&#8243;][vc_column_text]Hiroko Sue yn dweud wrthym am y koto: \u201cMae\u2019r koto yn offeryn ag 13 llinyn, oedd yn dod yn wreiddiol o Tsieina cyn dod i Siapan yn y 7ed ganrif. Mae\u2019n cael ei wneud allan o bren paulownia. Mewn rhai teuluoedd, mae bob cenhedlaeth yn chwarae. [Byddwch yn ei glywed mewn] seremoni de, bwyty Siapaneaidd, gwesty, digwyddiadau ac ati. [Mae\u2019n] gerddoriaeth lys draddodiadol.&#8221; Mae\u2019n dweud wrthym pam ei fod yn bwysig iddi: \u201cOherwydd rwyf wedi bod yn chwarae am amser hir iawn, ac roedd y s\u0175n yn f\u2019ymlacio. Roeddwn eisiau chwarae offeryn Siapaneaidd. Dechreuais ddysgu i chwarae\u2019r piano pan roeddwn yn bump oed, ond pedair blynedd yn ddiweddarach, ar \u00f4l cael ysbrydoliaeth gan gerddor h\u0177n, dechreuais ar y koto. Mae koto wedi dod \u00e2 llawer o ffrindiau a chyfleoedd i mi. Mae fy holl fywyd yn ymwneud \u00e2 koto. Dyma\u2019r dull i gyfathrebu \u00e2 phobl yn rhwydd, hyd yn oed os yw\u2019r iaith yn anodd, gallaf basio fy ysbryd ymlaen i bobl.\u201d[\/vc_column_text][\/vc_column][\/vc_row][vc_row][vc_column width=&#8221;1\/2&#8243;][vc_single_image image=&#8221;2348&#8243; img_size=&#8221;large&#8221;][\/vc_column][vc_column width=&#8221;1\/2&#8243;][vc_video link=&#8221;https:\/\/www.youtube.com\/watch?v=2_QXIfsZQtA&#8221;][vc_column_text]Hiroko Sue yn chwarae\u2019r koto.[\/vc_column_text][\/vc_column][\/vc_row]<\/p>\n","protected":false},"author":2,"featured_media":0,"parent":0,"menu_order":0,"comment_status":"closed","ping_status":"closed","template":"","meta":{"_acf_changed":false,"footnotes":""},"class_list":["post-2600","page","type-page","status-publish","hentry"],"acf":[],"yoast_head":"<!-- This site is optimized with the Yoast SEO plugin v27.3 - https:\/\/yoast.com\/product\/yoast-seo-wordpress\/ -->\n<title>Koto - Stori Caerdydd<\/title>\n<meta name=\"robots\" content=\"index, follow, max-snippet:-1, max-image-preview:large, max-video-preview:-1\" \/>\n<link rel=\"canonical\" href=\"https:\/\/cardiffmuseum.com\/cy\/koto\/\" \/>\n<meta property=\"og:locale\" content=\"cy_GB\" \/>\n<meta property=\"og:type\" content=\"article\" \/>\n<meta property=\"og:title\" content=\"Koto - Stori Caerdydd\" \/>\n<meta property=\"og:description\" content=\"[vc_row][vc_column width=&#8221;1\/1&#8243;][\/vc_column][\/vc_row][vc_row][vc_column width=&#8221;1\/1&#8243;][vc_column_text]Hiroko Sue yn dweud wrthym am y koto: \u201cMae\u2019r koto yn offeryn ag 13 llinyn, oedd yn dod yn wreiddiol o Tsieina cyn dod i Siapan yn y 7ed ganrif. Mae\u2019n cael ei wneud allan o bren paulownia. Mewn rhai teuluoedd, mae bob cenhedlaeth yn chwarae. [Byddwch yn ei glywed mewn] seremoni de, bwyty Siapaneaidd, gwesty, digwyddiadau ac ati. [Mae\u2019n] gerddoriaeth lys draddodiadol.&#8221; Mae\u2019n dweud wrthym pam ei fod yn bwysig iddi: \u201cOherwydd rwyf wedi bod yn chwarae am amser hir iawn, ac roedd y s\u0175n yn f\u2019ymlacio. Roeddwn eisiau chwarae offeryn Siapaneaidd. Dechreuais ddysgu i chwarae\u2019r piano pan roeddwn yn bump oed, ond pedair blynedd yn ddiweddarach, ar \u00f4l cael ysbrydoliaeth gan gerddor h\u0177n, dechreuais ar y koto. Mae koto wedi dod \u00e2 llawer o ffrindiau a chyfleoedd i mi. Mae fy holl fywyd yn ymwneud \u00e2 koto. Dyma\u2019r dull i gyfathrebu \u00e2 phobl yn rhwydd, hyd yn oed os yw\u2019r iaith yn anodd, gallaf basio fy ysbryd ymlaen i bobl.\u201d[\/vc_column_text][\/vc_column][\/vc_row][vc_row][vc_column width=&#8221;1\/2&#8243;][vc_single_image image=&#8221;2348&#8243; img_size=&#8221;large&#8221;][\/vc_column][vc_column width=&#8221;1\/2&#8243;][vc_video link=&#8221;https:\/\/www.youtube.com\/watch?v=2_QXIfsZQtA&#8221;][vc_column_text]Hiroko Sue yn chwarae\u2019r koto.[\/vc_column_text][\/vc_column][\/vc_row]\" \/>\n<meta property=\"og:url\" content=\"https:\/\/cardiffmuseum.com\/cy\/koto\/\" \/>\n<meta property=\"og:site_name\" content=\"Stori Caerdydd\" \/>\n<meta name=\"twitter:card\" content=\"summary_large_image\" \/>\n<meta name=\"twitter:label1\" content=\"Est. reading time\" \/>\n\t<meta name=\"twitter:data1\" content=\"1 minute\" \/>\n<script type=\"application\/ld+json\" class=\"yoast-schema-graph\">{\"@context\":\"https:\\\/\\\/schema.org\",\"@graph\":[{\"@type\":\"WebPage\",\"@id\":\"https:\\\/\\\/cardiffmuseum.com\\\/cy\\\/koto\\\/\",\"url\":\"https:\\\/\\\/cardiffmuseum.com\\\/cy\\\/koto\\\/\",\"name\":\"Koto - Stori Caerdydd\",\"isPartOf\":{\"@id\":\"https:\\\/\\\/cardiffmuseum.com\\\/#website\"},\"datePublished\":\"2020-07-23T15:03:03+00:00\",\"breadcrumb\":{\"@id\":\"https:\\\/\\\/cardiffmuseum.com\\\/cy\\\/koto\\\/#breadcrumb\"},\"inLanguage\":\"cy-GB\",\"potentialAction\":[{\"@type\":\"ReadAction\",\"target\":[\"https:\\\/\\\/cardiffmuseum.com\\\/cy\\\/koto\\\/\"]}]},{\"@type\":\"BreadcrumbList\",\"@id\":\"https:\\\/\\\/cardiffmuseum.com\\\/cy\\\/koto\\\/#breadcrumb\",\"itemListElement\":[{\"@type\":\"ListItem\",\"position\":1,\"name\":\"Home\",\"item\":\"https:\\\/\\\/cardiffmuseum.com\\\/cy\\\/\"},{\"@type\":\"ListItem\",\"position\":2,\"name\":\"Koto\"}]},{\"@type\":\"WebSite\",\"@id\":\"https:\\\/\\\/cardiffmuseum.com\\\/#website\",\"url\":\"https:\\\/\\\/cardiffmuseum.com\\\/\",\"name\":\"Stori Caerdydd\",\"description\":\"Stori Caerdydd\",\"potentialAction\":[{\"@type\":\"SearchAction\",\"target\":{\"@type\":\"EntryPoint\",\"urlTemplate\":\"https:\\\/\\\/cardiffmuseum.com\\\/?s={search_term_string}\"},\"query-input\":{\"@type\":\"PropertyValueSpecification\",\"valueRequired\":true,\"valueName\":\"search_term_string\"}}],\"inLanguage\":\"cy-GB\"}]}<\/script>\n<!-- \/ Yoast SEO plugin. -->","yoast_head_json":{"title":"Koto - Stori Caerdydd","robots":{"index":"index","follow":"follow","max-snippet":"max-snippet:-1","max-image-preview":"max-image-preview:large","max-video-preview":"max-video-preview:-1"},"canonical":"https:\/\/cardiffmuseum.com\/cy\/koto\/","og_locale":"cy_GB","og_type":"article","og_title":"Koto - Stori Caerdydd","og_description":"[vc_row][vc_column width=&#8221;1\/1&#8243;][\/vc_column][\/vc_row][vc_row][vc_column width=&#8221;1\/1&#8243;][vc_column_text]Hiroko Sue yn dweud wrthym am y koto: \u201cMae\u2019r koto yn offeryn ag 13 llinyn, oedd yn dod yn wreiddiol o Tsieina cyn dod i Siapan yn y 7ed ganrif. Mae\u2019n cael ei wneud allan o bren paulownia. Mewn rhai teuluoedd, mae bob cenhedlaeth yn chwarae. [Byddwch yn ei glywed mewn] seremoni de, bwyty Siapaneaidd, gwesty, digwyddiadau ac ati. [Mae\u2019n] gerddoriaeth lys draddodiadol.&#8221; Mae\u2019n dweud wrthym pam ei fod yn bwysig iddi: \u201cOherwydd rwyf wedi bod yn chwarae am amser hir iawn, ac roedd y s\u0175n yn f\u2019ymlacio. Roeddwn eisiau chwarae offeryn Siapaneaidd. Dechreuais ddysgu i chwarae\u2019r piano pan roeddwn yn bump oed, ond pedair blynedd yn ddiweddarach, ar \u00f4l cael ysbrydoliaeth gan gerddor h\u0177n, dechreuais ar y koto. Mae koto wedi dod \u00e2 llawer o ffrindiau a chyfleoedd i mi. Mae fy holl fywyd yn ymwneud \u00e2 koto. Dyma\u2019r dull i gyfathrebu \u00e2 phobl yn rhwydd, hyd yn oed os yw\u2019r iaith yn anodd, gallaf basio fy ysbryd ymlaen i bobl.\u201d[\/vc_column_text][\/vc_column][\/vc_row][vc_row][vc_column width=&#8221;1\/2&#8243;][vc_single_image image=&#8221;2348&#8243; img_size=&#8221;large&#8221;][\/vc_column][vc_column width=&#8221;1\/2&#8243;][vc_video link=&#8221;https:\/\/www.youtube.com\/watch?v=2_QXIfsZQtA&#8221;][vc_column_text]Hiroko Sue yn chwarae\u2019r koto.[\/vc_column_text][\/vc_column][\/vc_row]","og_url":"https:\/\/cardiffmuseum.com\/cy\/koto\/","og_site_name":"Stori Caerdydd","twitter_card":"summary_large_image","twitter_misc":{"Est. reading time":"1 minute"},"schema":{"@context":"https:\/\/schema.org","@graph":[{"@type":"WebPage","@id":"https:\/\/cardiffmuseum.com\/cy\/koto\/","url":"https:\/\/cardiffmuseum.com\/cy\/koto\/","name":"Koto - Stori Caerdydd","isPartOf":{"@id":"https:\/\/cardiffmuseum.com\/#website"},"datePublished":"2020-07-23T15:03:03+00:00","breadcrumb":{"@id":"https:\/\/cardiffmuseum.com\/cy\/koto\/#breadcrumb"},"inLanguage":"cy-GB","potentialAction":[{"@type":"ReadAction","target":["https:\/\/cardiffmuseum.com\/cy\/koto\/"]}]},{"@type":"BreadcrumbList","@id":"https:\/\/cardiffmuseum.com\/cy\/koto\/#breadcrumb","itemListElement":[{"@type":"ListItem","position":1,"name":"Home","item":"https:\/\/cardiffmuseum.com\/cy\/"},{"@type":"ListItem","position":2,"name":"Koto"}]},{"@type":"WebSite","@id":"https:\/\/cardiffmuseum.com\/#website","url":"https:\/\/cardiffmuseum.com\/","name":"Stori Caerdydd","description":"Stori Caerdydd","potentialAction":[{"@type":"SearchAction","target":{"@type":"EntryPoint","urlTemplate":"https:\/\/cardiffmuseum.com\/?s={search_term_string}"},"query-input":{"@type":"PropertyValueSpecification","valueRequired":true,"valueName":"search_term_string"}}],"inLanguage":"cy-GB"}]}},"_links":{"self":[{"href":"https:\/\/cardiffmuseum.com\/cy\/wp-json\/wp\/v2\/pages\/2600","targetHints":{"allow":["GET"]}}],"collection":[{"href":"https:\/\/cardiffmuseum.com\/cy\/wp-json\/wp\/v2\/pages"}],"about":[{"href":"https:\/\/cardiffmuseum.com\/cy\/wp-json\/wp\/v2\/types\/page"}],"author":[{"embeddable":true,"href":"https:\/\/cardiffmuseum.com\/cy\/wp-json\/wp\/v2\/users\/2"}],"replies":[{"embeddable":true,"href":"https:\/\/cardiffmuseum.com\/cy\/wp-json\/wp\/v2\/comments?post=2600"}],"version-history":[{"count":3,"href":"https:\/\/cardiffmuseum.com\/cy\/wp-json\/wp\/v2\/pages\/2600\/revisions"}],"predecessor-version":[{"id":2621,"href":"https:\/\/cardiffmuseum.com\/cy\/wp-json\/wp\/v2\/pages\/2600\/revisions\/2621"}],"wp:attachment":[{"href":"https:\/\/cardiffmuseum.com\/cy\/wp-json\/wp\/v2\/media?parent=2600"}],"curies":[{"name":"wp","href":"https:\/\/api.w.org\/{rel}","templated":true}]}}