{"id":2564,"date":"2020-07-23T14:56:14","date_gmt":"2020-07-23T14:56:14","guid":{"rendered":"https:\/\/app-cprd-cardiffstory.azurewebsites.net\/?page_id=2564"},"modified":"2020-07-23T15:36:00","modified_gmt":"2020-07-23T15:36:00","slug":"2564-2","status":"publish","type":"page","link":"https:\/\/cardiffmuseum.com\/cy\/2564-2\/","title":{"rendered":"Esgyrn cerddorol"},"content":{"rendered":"<div class=\"wpb-content-wrapper\"><p>[vc_row][vc_column width=&#8221;1\/1&#8243;]<h1 class=\"headline font-inherit fontsize-xxxl fontweight-inherit lh-inherit align-left transform-inherit \" style=\"margin: 0 0 20px 0;\">ESGYRN CERDDOROL<\/h1><div class=\"spacer\" style=\"height: 20px;\"><\/div>[\/vc_column][\/vc_row][vc_row][vc_column width=&#8221;1\/1&#8243;][vc_column_text]<strong>Mae Mr Mills yn cofio chwarae esgyrn cerddorol:<\/strong><\/p>\n<p>\u201cYn ystod yr Ail Ryfel Byd cafodd Treganna ei bomio\u2019n eitha\u2019 trwm, yn enwedig Blackstone Street. Pan oedden ni\u2019n blant, byddent yn torri\u2019r llechi a fomiwyd i si\u00e2p esgyrn cerddorol ac roedd pawb yn arfer chwarae ac arbrofi gyda nhw. Roedden ni i gyd yn gwybod am esgyrn cerddorol. Dw i ddim yn gallu cofio sut roedden ni\u2019n gwybod amdanynt, ond roedden ni rhywsut. Mi wnes i ddangos i fy mam&#8230;sut i chwarae esgyrn cerddorol gyda\u2019r llechi. Cymerodd fy mam ati\u2019n reddfol. Aeth i brynu rhai go iawn o siop. Roedd hi\u2019n arfer eu chwarae yn ei thafarn leol, y Greyhound ar Wellington Street. Yn y dyddiau hynny, roedd y dafarn bob amser yn ganolbwynt unrhyw weithgarwch. Roedd fy mam yn chwarae sgitls ac roedd hi\u2019n rhan o d\u00eem sgitls menywod. Byddai i\u2019n chwarae ei hesgyrn cerddorol ar \u00f4l g\u00eam; yn aml byddai rhywun yn ymuno \u00e2 hi a chanu; efallai byddai rhywun yn dechrau chwarae\u2019r llwyau hefyd.\u201d[\/vc_column_text]<div class=\"spacer\" style=\"height: 40px;\"><\/div>[\/vc_column][\/vc_row][vc_row][vc_column width=&#8221;1\/2&#8243;][vc_single_image image=&#8221;2331&#8243; img_size=&#8221;large&#8221;][\/vc_column][vc_column width=&#8221;1\/2&#8243;][vc_column_text]<strong>Mae Ellie Lake yn dweud wrthym am yr esgyrn cerddorol:<\/strong><\/p>\n<p>\u201cMae\u2019r esgyrn cerddorol hyn tua 70 mlwydd oed. Roeddent yn perthyn i Fred Millard o Gaerdydd. Roedd e\u2019n arfer eu chwarae, ychydig fel mae llwyau\u2019n cael eu chwarae heddiw. Roedd e\u2019n eu chwarae mewn tafarnau neu lle bynnag roedd sesiwn ganu.\u201d[\/vc_column_text][\/vc_column][\/vc_row][vc_row][vc_column width=&#8221;1\/1&#8243;]<div class=\"spacer\" style=\"height: 100px;\"><\/div>[\/vc_column][\/vc_row][vc_row][vc_column width=&#8221;1\/1&#8243;][vc_column_text]<strong>Severin M\u2019Poutou yn chwarae\u2019r esgyrn cerddorol.<\/strong>[\/vc_column_text][vc_video link=&#8221;https:\/\/www.youtube.com\/watch?v=BpxP7H8NM5U&#8221;][\/vc_column][\/vc_row]<\/p>\n<\/div>","protected":false},"excerpt":{"rendered":"<p>[vc_row][vc_column width=&#8221;1\/1&#8243;][\/vc_column][\/vc_row][vc_row][vc_column width=&#8221;1\/1&#8243;][vc_column_text]Mae Mr Mills yn cofio chwarae esgyrn cerddorol: \u201cYn ystod yr Ail Ryfel Byd cafodd Treganna ei bomio\u2019n eitha\u2019 trwm, yn enwedig Blackstone Street. Pan oedden ni\u2019n blant, byddent yn torri\u2019r llechi a fomiwyd i si\u00e2p esgyrn cerddorol ac roedd pawb yn arfer chwarae ac arbrofi gyda nhw. Roedden ni i gyd yn gwybod am esgyrn cerddorol. Dw i ddim yn gallu cofio sut roedden ni\u2019n gwybod amdanynt, ond roedden ni rhywsut. Mi wnes i ddangos i fy mam&#8230;sut i chwarae esgyrn cerddorol gyda\u2019r llechi. Cymerodd fy mam ati\u2019n reddfol. Aeth i brynu rhai go iawn o siop. Roedd hi\u2019n arfer eu chwarae yn ei thafarn leol, y Greyhound ar Wellington Street. Yn y dyddiau hynny, roedd y dafarn bob amser yn ganolbwynt unrhyw weithgarwch. Roedd fy mam yn chwarae sgitls ac roedd hi\u2019n rhan o d\u00eem sgitls menywod. Byddai i\u2019n chwarae ei hesgyrn cerddorol ar \u00f4l g\u00eam; yn aml byddai rhywun yn ymuno \u00e2 hi a chanu; efallai byddai rhywun yn dechrau chwarae\u2019r llwyau hefyd.\u201d[\/vc_column_text][\/vc_column][\/vc_row][vc_row][vc_column width=&#8221;1\/2&#8243;][vc_single_image image=&#8221;2331&#8243; img_size=&#8221;large&#8221;][\/vc_column][vc_column width=&#8221;1\/2&#8243;][vc_column_text]Mae Ellie Lake yn dweud wrthym am yr esgyrn cerddorol: \u201cMae\u2019r esgyrn cerddorol hyn tua 70 mlwydd oed. Roeddent yn perthyn i Fred Millard o Gaerdydd. Roedd e\u2019n arfer [&hellip;]<\/p>\n","protected":false},"author":2,"featured_media":0,"parent":0,"menu_order":0,"comment_status":"closed","ping_status":"closed","template":"","meta":{"_acf_changed":false,"footnotes":""},"class_list":["post-2564","page","type-page","status-publish","hentry"],"acf":[],"yoast_head":"<!-- This site is optimized with the Yoast SEO plugin v27.3 - https:\/\/yoast.com\/product\/yoast-seo-wordpress\/ -->\n<title>Esgyrn cerddorol - Stori Caerdydd<\/title>\n<meta name=\"robots\" content=\"index, follow, max-snippet:-1, max-image-preview:large, max-video-preview:-1\" \/>\n<link rel=\"canonical\" href=\"https:\/\/cardiffmuseum.com\/cy\/2564-2\/\" \/>\n<meta property=\"og:locale\" content=\"cy_GB\" \/>\n<meta property=\"og:type\" content=\"article\" \/>\n<meta property=\"og:title\" content=\"Esgyrn cerddorol - Stori Caerdydd\" \/>\n<meta property=\"og:description\" content=\"[vc_row][vc_column width=&#8221;1\/1&#8243;][\/vc_column][\/vc_row][vc_row][vc_column width=&#8221;1\/1&#8243;][vc_column_text]Mae Mr Mills yn cofio chwarae esgyrn cerddorol: \u201cYn ystod yr Ail Ryfel Byd cafodd Treganna ei bomio\u2019n eitha\u2019 trwm, yn enwedig Blackstone Street. Pan oedden ni\u2019n blant, byddent yn torri\u2019r llechi a fomiwyd i si\u00e2p esgyrn cerddorol ac roedd pawb yn arfer chwarae ac arbrofi gyda nhw. Roedden ni i gyd yn gwybod am esgyrn cerddorol. Dw i ddim yn gallu cofio sut roedden ni\u2019n gwybod amdanynt, ond roedden ni rhywsut. Mi wnes i ddangos i fy mam&#8230;sut i chwarae esgyrn cerddorol gyda\u2019r llechi. Cymerodd fy mam ati\u2019n reddfol. Aeth i brynu rhai go iawn o siop. Roedd hi\u2019n arfer eu chwarae yn ei thafarn leol, y Greyhound ar Wellington Street. Yn y dyddiau hynny, roedd y dafarn bob amser yn ganolbwynt unrhyw weithgarwch. Roedd fy mam yn chwarae sgitls ac roedd hi\u2019n rhan o d\u00eem sgitls menywod. Byddai i\u2019n chwarae ei hesgyrn cerddorol ar \u00f4l g\u00eam; yn aml byddai rhywun yn ymuno \u00e2 hi a chanu; efallai byddai rhywun yn dechrau chwarae\u2019r llwyau hefyd.\u201d[\/vc_column_text][\/vc_column][\/vc_row][vc_row][vc_column width=&#8221;1\/2&#8243;][vc_single_image image=&#8221;2331&#8243; img_size=&#8221;large&#8221;][\/vc_column][vc_column width=&#8221;1\/2&#8243;][vc_column_text]Mae Ellie Lake yn dweud wrthym am yr esgyrn cerddorol: \u201cMae\u2019r esgyrn cerddorol hyn tua 70 mlwydd oed. Roeddent yn perthyn i Fred Millard o Gaerdydd. Roedd e\u2019n arfer [&hellip;]\" \/>\n<meta property=\"og:url\" content=\"https:\/\/cardiffmuseum.com\/cy\/2564-2\/\" \/>\n<meta property=\"og:site_name\" content=\"Stori Caerdydd\" \/>\n<meta property=\"article:modified_time\" content=\"2020-07-23T15:36:00+00:00\" \/>\n<meta name=\"twitter:card\" content=\"summary_large_image\" \/>\n<meta name=\"twitter:label1\" content=\"Est. reading time\" \/>\n\t<meta name=\"twitter:data1\" content=\"2 minutes\" \/>\n<script type=\"application\/ld+json\" class=\"yoast-schema-graph\">{\"@context\":\"https:\\\/\\\/schema.org\",\"@graph\":[{\"@type\":\"WebPage\",\"@id\":\"https:\\\/\\\/cardiffmuseum.com\\\/cy\\\/2564-2\\\/\",\"url\":\"https:\\\/\\\/cardiffmuseum.com\\\/cy\\\/2564-2\\\/\",\"name\":\"Esgyrn cerddorol - Stori Caerdydd\",\"isPartOf\":{\"@id\":\"https:\\\/\\\/cardiffmuseum.com\\\/#website\"},\"datePublished\":\"2020-07-23T14:56:14+00:00\",\"dateModified\":\"2020-07-23T15:36:00+00:00\",\"breadcrumb\":{\"@id\":\"https:\\\/\\\/cardiffmuseum.com\\\/cy\\\/2564-2\\\/#breadcrumb\"},\"inLanguage\":\"cy-GB\",\"potentialAction\":[{\"@type\":\"ReadAction\",\"target\":[\"https:\\\/\\\/cardiffmuseum.com\\\/cy\\\/2564-2\\\/\"]}]},{\"@type\":\"BreadcrumbList\",\"@id\":\"https:\\\/\\\/cardiffmuseum.com\\\/cy\\\/2564-2\\\/#breadcrumb\",\"itemListElement\":[{\"@type\":\"ListItem\",\"position\":1,\"name\":\"Home\",\"item\":\"https:\\\/\\\/cardiffmuseum.com\\\/cy\\\/\"},{\"@type\":\"ListItem\",\"position\":2,\"name\":\"Esgyrn cerddorol\"}]},{\"@type\":\"WebSite\",\"@id\":\"https:\\\/\\\/cardiffmuseum.com\\\/#website\",\"url\":\"https:\\\/\\\/cardiffmuseum.com\\\/\",\"name\":\"Stori Caerdydd\",\"description\":\"Stori Caerdydd\",\"potentialAction\":[{\"@type\":\"SearchAction\",\"target\":{\"@type\":\"EntryPoint\",\"urlTemplate\":\"https:\\\/\\\/cardiffmuseum.com\\\/?s={search_term_string}\"},\"query-input\":{\"@type\":\"PropertyValueSpecification\",\"valueRequired\":true,\"valueName\":\"search_term_string\"}}],\"inLanguage\":\"cy-GB\"}]}<\/script>\n<!-- \/ Yoast SEO plugin. -->","yoast_head_json":{"title":"Esgyrn cerddorol - Stori Caerdydd","robots":{"index":"index","follow":"follow","max-snippet":"max-snippet:-1","max-image-preview":"max-image-preview:large","max-video-preview":"max-video-preview:-1"},"canonical":"https:\/\/cardiffmuseum.com\/cy\/2564-2\/","og_locale":"cy_GB","og_type":"article","og_title":"Esgyrn cerddorol - Stori Caerdydd","og_description":"[vc_row][vc_column width=&#8221;1\/1&#8243;][\/vc_column][\/vc_row][vc_row][vc_column width=&#8221;1\/1&#8243;][vc_column_text]Mae Mr Mills yn cofio chwarae esgyrn cerddorol: \u201cYn ystod yr Ail Ryfel Byd cafodd Treganna ei bomio\u2019n eitha\u2019 trwm, yn enwedig Blackstone Street. Pan oedden ni\u2019n blant, byddent yn torri\u2019r llechi a fomiwyd i si\u00e2p esgyrn cerddorol ac roedd pawb yn arfer chwarae ac arbrofi gyda nhw. Roedden ni i gyd yn gwybod am esgyrn cerddorol. Dw i ddim yn gallu cofio sut roedden ni\u2019n gwybod amdanynt, ond roedden ni rhywsut. Mi wnes i ddangos i fy mam&#8230;sut i chwarae esgyrn cerddorol gyda\u2019r llechi. Cymerodd fy mam ati\u2019n reddfol. Aeth i brynu rhai go iawn o siop. Roedd hi\u2019n arfer eu chwarae yn ei thafarn leol, y Greyhound ar Wellington Street. Yn y dyddiau hynny, roedd y dafarn bob amser yn ganolbwynt unrhyw weithgarwch. Roedd fy mam yn chwarae sgitls ac roedd hi\u2019n rhan o d\u00eem sgitls menywod. Byddai i\u2019n chwarae ei hesgyrn cerddorol ar \u00f4l g\u00eam; yn aml byddai rhywun yn ymuno \u00e2 hi a chanu; efallai byddai rhywun yn dechrau chwarae\u2019r llwyau hefyd.\u201d[\/vc_column_text][\/vc_column][\/vc_row][vc_row][vc_column width=&#8221;1\/2&#8243;][vc_single_image image=&#8221;2331&#8243; img_size=&#8221;large&#8221;][\/vc_column][vc_column width=&#8221;1\/2&#8243;][vc_column_text]Mae Ellie Lake yn dweud wrthym am yr esgyrn cerddorol: \u201cMae\u2019r esgyrn cerddorol hyn tua 70 mlwydd oed. Roeddent yn perthyn i Fred Millard o Gaerdydd. Roedd e\u2019n arfer [&hellip;]","og_url":"https:\/\/cardiffmuseum.com\/cy\/2564-2\/","og_site_name":"Stori Caerdydd","article_modified_time":"2020-07-23T15:36:00+00:00","twitter_card":"summary_large_image","twitter_misc":{"Est. reading time":"2 minutes"},"schema":{"@context":"https:\/\/schema.org","@graph":[{"@type":"WebPage","@id":"https:\/\/cardiffmuseum.com\/cy\/2564-2\/","url":"https:\/\/cardiffmuseum.com\/cy\/2564-2\/","name":"Esgyrn cerddorol - Stori Caerdydd","isPartOf":{"@id":"https:\/\/cardiffmuseum.com\/#website"},"datePublished":"2020-07-23T14:56:14+00:00","dateModified":"2020-07-23T15:36:00+00:00","breadcrumb":{"@id":"https:\/\/cardiffmuseum.com\/cy\/2564-2\/#breadcrumb"},"inLanguage":"cy-GB","potentialAction":[{"@type":"ReadAction","target":["https:\/\/cardiffmuseum.com\/cy\/2564-2\/"]}]},{"@type":"BreadcrumbList","@id":"https:\/\/cardiffmuseum.com\/cy\/2564-2\/#breadcrumb","itemListElement":[{"@type":"ListItem","position":1,"name":"Home","item":"https:\/\/cardiffmuseum.com\/cy\/"},{"@type":"ListItem","position":2,"name":"Esgyrn cerddorol"}]},{"@type":"WebSite","@id":"https:\/\/cardiffmuseum.com\/#website","url":"https:\/\/cardiffmuseum.com\/","name":"Stori Caerdydd","description":"Stori Caerdydd","potentialAction":[{"@type":"SearchAction","target":{"@type":"EntryPoint","urlTemplate":"https:\/\/cardiffmuseum.com\/?s={search_term_string}"},"query-input":{"@type":"PropertyValueSpecification","valueRequired":true,"valueName":"search_term_string"}}],"inLanguage":"cy-GB"}]}},"_links":{"self":[{"href":"https:\/\/cardiffmuseum.com\/cy\/wp-json\/wp\/v2\/pages\/2564","targetHints":{"allow":["GET"]}}],"collection":[{"href":"https:\/\/cardiffmuseum.com\/cy\/wp-json\/wp\/v2\/pages"}],"about":[{"href":"https:\/\/cardiffmuseum.com\/cy\/wp-json\/wp\/v2\/types\/page"}],"author":[{"embeddable":true,"href":"https:\/\/cardiffmuseum.com\/cy\/wp-json\/wp\/v2\/users\/2"}],"replies":[{"embeddable":true,"href":"https:\/\/cardiffmuseum.com\/cy\/wp-json\/wp\/v2\/comments?post=2564"}],"version-history":[{"count":3,"href":"https:\/\/cardiffmuseum.com\/cy\/wp-json\/wp\/v2\/pages\/2564\/revisions"}],"predecessor-version":[{"id":2633,"href":"https:\/\/cardiffmuseum.com\/cy\/wp-json\/wp\/v2\/pages\/2564\/revisions\/2633"}],"wp:attachment":[{"href":"https:\/\/cardiffmuseum.com\/cy\/wp-json\/wp\/v2\/media?parent=2564"}],"curies":[{"name":"wp","href":"https:\/\/api.w.org\/{rel}","templated":true}]}}