{"id":2558,"date":"2020-07-23T14:54:37","date_gmt":"2020-07-23T14:54:37","guid":{"rendered":"https:\/\/app-cprd-cardiffstory.azurewebsites.net\/?page_id=2558"},"modified":"2020-07-23T14:54:37","modified_gmt":"2020-07-23T14:54:37","slug":"cragen-dro","status":"publish","type":"page","link":"https:\/\/cardiffmuseum.com\/cy\/cragen-dro\/","title":{"rendered":"Cragen dro"},"content":{"rendered":"<div class=\"wpb-content-wrapper\"><p>[vc_row][vc_column width=&#8221;1\/1&#8243;]<h1 class=\"headline font-inherit fontsize-xxxl fontweight-inherit lh-inherit align-left transform-inherit \" style=\"margin: 0 0 20px 0;\">CRAGEN DRO<\/h1><div class=\"spacer\" style=\"height: 20px;\"><\/div>[\/vc_column][\/vc_row][vc_row][vc_column width=&#8221;1\/2&#8243;][vc_column_text]<strong>Mae Debanjali yn dweud wrthym am y gragen dro:<\/strong><\/p>\n<p>\u201cMae\u2019r gragen dro yn rhywbeth rydw i a llawer o bobl Hind\u0175aidd o India a phobl Fwdhaidd wedi gwrando arni ers ein plentyndod. Mae\u2019n wrthrych sydd i\u2019w weld yn y rhan fwyaf o leoedd addoli Hind\u0175aidd a Bwdhaidd. Mae\u2019n wrthrych a oedd yn gyffredin bron ym mhob aelwyd Hind\u0175aidd tan gwpl o ddegawdau yn \u00f4l mwy na thebyg. Dwi ddim yn si\u0175r a yw mor gyffredin nawr, si\u0175r o fod nad ydyw. Pan oeddem yn blant, cawsant ein magu yn edrych ar ddelweddau o dduwiau a duwiesau Hind\u0175aidd yn dal y gragen dro fel symbol o fywyd, gan fod y gragen dro yn dod o\u2019r d\u0175r, a datblygodd bywyd o\u2019r d\u0175r. Mae\u2019n symbol o burdeb \u2013 rhywbeth sanctaidd iawn, rhywbeth dwyfol.[\/vc_column_text][\/vc_column][vc_column width=&#8221;1\/2&#8243;][vc_single_image image=&#8221;2329&#8243; img_size=&#8221;large&#8221;][\/vc_column][\/vc_row][vc_row][vc_column width=&#8221;1\/1&#8243;]<div class=\"spacer\" style=\"height: 40px;\"><\/div>[\/vc_column][\/vc_row][vc_row][vc_column width=&#8221;1\/1&#8243;][vc_column_text]Yn draddodiadol, tan heddiw, mae\u2019n cael ei defnyddio\u2019n bennaf mewn ffordd debyg i gloch eglwys, er enghraifft, yn y rhan hon o\u2019r byd. Ei diben yw rhoi gwybod i bobl bod gwasanaeth crefyddol yn cael ei gynnal neu bod rhyw fath o ddefod grefyddol yn digwydd mewn teml, neu hyd yn oed mewn cartref rhywun. Bydd hefyd yn cael ei defnyddio ar gyfer llawer o achlysuron hapus yn y gymuned, ar lefel fwy personol. Er enghraifft, mewn priodasau, mewn seremon\u00efau bach pan gaiff plentyn ei ddiddyfnu yn chwe mis oed, pan fo gweddill y teulu a ffrindiau yn ymgasglu ac mae defodau bach sy\u2019n ymwneud \u00e2\u2019r plentyn, gellir clywed y gragen dro. Mae\u2019n cael ei chlywed bob dydd mewn rhai aelwydydd, yn y bore ac ar fin nos. Felly, pan oeddem yn blant, pan fydden ni\u2019n mynd allan i chwarae, roedd sain y gragen dro gyda\u2019r hwyr yn golygu ei bod hi\u2019n amser mynd adref; felly roedd yn fwy tebyg i gloc larwm i ni!\u201d[\/vc_column_text]<div class=\"spacer\" style=\"height: 40px;\"><\/div>[\/vc_column][\/vc_row][vc_row][vc_column width=&#8221;1\/1&#8243;][vc_column_text]<strong>Pandit Shanti Swarup Shanti yn canu\u2019r gragen do.<\/strong>[\/vc_column_text][vc_video link=&#8221;https:\/\/www.youtube.com\/watch?v=gI&#8211;NN0vD7M&#8221;][\/vc_column][\/vc_row]<\/p>\n<\/div>","protected":false},"excerpt":{"rendered":"<p>[vc_row][vc_column width=&#8221;1\/1&#8243;][\/vc_column][\/vc_row][vc_row][vc_column width=&#8221;1\/2&#8243;][vc_column_text]Mae Debanjali yn dweud wrthym am y gragen dro: \u201cMae\u2019r gragen dro yn rhywbeth rydw i a llawer o bobl Hind\u0175aidd o India a phobl Fwdhaidd wedi gwrando arni ers ein plentyndod. Mae\u2019n wrthrych sydd i\u2019w weld yn y rhan fwyaf o leoedd addoli Hind\u0175aidd a Bwdhaidd. Mae\u2019n wrthrych a oedd yn gyffredin bron ym mhob aelwyd Hind\u0175aidd tan gwpl o ddegawdau yn \u00f4l mwy na thebyg. Dwi ddim yn si\u0175r a yw mor gyffredin nawr, si\u0175r o fod nad ydyw. Pan oeddem yn blant, cawsant ein magu yn edrych ar ddelweddau o dduwiau a duwiesau Hind\u0175aidd yn dal y gragen dro fel symbol o fywyd, gan fod y gragen dro yn dod o\u2019r d\u0175r, a datblygodd bywyd o\u2019r d\u0175r. Mae\u2019n symbol o burdeb \u2013 rhywbeth sanctaidd iawn, rhywbeth dwyfol.[\/vc_column_text][\/vc_column][vc_column width=&#8221;1\/2&#8243;][vc_single_image image=&#8221;2329&#8243; img_size=&#8221;large&#8221;][\/vc_column][\/vc_row][vc_row][vc_column width=&#8221;1\/1&#8243;][\/vc_column][\/vc_row][vc_row][vc_column width=&#8221;1\/1&#8243;][vc_column_text]Yn draddodiadol, tan heddiw, mae\u2019n cael ei defnyddio\u2019n bennaf mewn ffordd debyg i gloch eglwys, er enghraifft, yn y rhan hon o\u2019r byd. Ei diben yw rhoi gwybod i bobl bod gwasanaeth crefyddol yn cael ei gynnal neu bod rhyw fath o ddefod grefyddol yn digwydd mewn teml, neu hyd yn oed mewn cartref rhywun. Bydd hefyd yn cael ei defnyddio ar gyfer llawer [&hellip;]<\/p>\n","protected":false},"author":2,"featured_media":0,"parent":0,"menu_order":0,"comment_status":"closed","ping_status":"closed","template":"","meta":{"_acf_changed":false,"footnotes":""},"class_list":["post-2558","page","type-page","status-publish","hentry"],"acf":[],"yoast_head":"<!-- This site is optimized with the Yoast SEO plugin v27.3 - https:\/\/yoast.com\/product\/yoast-seo-wordpress\/ -->\n<title>Cragen dro - Stori Caerdydd<\/title>\n<meta name=\"robots\" content=\"index, follow, max-snippet:-1, max-image-preview:large, max-video-preview:-1\" \/>\n<link rel=\"canonical\" href=\"https:\/\/cardiffmuseum.com\/cy\/cragen-dro\/\" \/>\n<meta property=\"og:locale\" content=\"cy_GB\" \/>\n<meta property=\"og:type\" content=\"article\" \/>\n<meta property=\"og:title\" content=\"Cragen dro - Stori Caerdydd\" \/>\n<meta property=\"og:description\" content=\"[vc_row][vc_column width=&#8221;1\/1&#8243;][\/vc_column][\/vc_row][vc_row][vc_column width=&#8221;1\/2&#8243;][vc_column_text]Mae Debanjali yn dweud wrthym am y gragen dro: \u201cMae\u2019r gragen dro yn rhywbeth rydw i a llawer o bobl Hind\u0175aidd o India a phobl Fwdhaidd wedi gwrando arni ers ein plentyndod. Mae\u2019n wrthrych sydd i\u2019w weld yn y rhan fwyaf o leoedd addoli Hind\u0175aidd a Bwdhaidd. Mae\u2019n wrthrych a oedd yn gyffredin bron ym mhob aelwyd Hind\u0175aidd tan gwpl o ddegawdau yn \u00f4l mwy na thebyg. Dwi ddim yn si\u0175r a yw mor gyffredin nawr, si\u0175r o fod nad ydyw. Pan oeddem yn blant, cawsant ein magu yn edrych ar ddelweddau o dduwiau a duwiesau Hind\u0175aidd yn dal y gragen dro fel symbol o fywyd, gan fod y gragen dro yn dod o\u2019r d\u0175r, a datblygodd bywyd o\u2019r d\u0175r. Mae\u2019n symbol o burdeb \u2013 rhywbeth sanctaidd iawn, rhywbeth dwyfol.[\/vc_column_text][\/vc_column][vc_column width=&#8221;1\/2&#8243;][vc_single_image image=&#8221;2329&#8243; img_size=&#8221;large&#8221;][\/vc_column][\/vc_row][vc_row][vc_column width=&#8221;1\/1&#8243;][\/vc_column][\/vc_row][vc_row][vc_column width=&#8221;1\/1&#8243;][vc_column_text]Yn draddodiadol, tan heddiw, mae\u2019n cael ei defnyddio\u2019n bennaf mewn ffordd debyg i gloch eglwys, er enghraifft, yn y rhan hon o\u2019r byd. Ei diben yw rhoi gwybod i bobl bod gwasanaeth crefyddol yn cael ei gynnal neu bod rhyw fath o ddefod grefyddol yn digwydd mewn teml, neu hyd yn oed mewn cartref rhywun. Bydd hefyd yn cael ei defnyddio ar gyfer llawer [&hellip;]\" \/>\n<meta property=\"og:url\" content=\"https:\/\/cardiffmuseum.com\/cy\/cragen-dro\/\" \/>\n<meta property=\"og:site_name\" content=\"Stori Caerdydd\" \/>\n<meta name=\"twitter:card\" content=\"summary_large_image\" \/>\n<meta name=\"twitter:label1\" content=\"Est. reading time\" \/>\n\t<meta name=\"twitter:data1\" content=\"2 minutes\" \/>\n<script type=\"application\/ld+json\" class=\"yoast-schema-graph\">{\"@context\":\"https:\\\/\\\/schema.org\",\"@graph\":[{\"@type\":\"WebPage\",\"@id\":\"https:\\\/\\\/cardiffmuseum.com\\\/cy\\\/cragen-dro\\\/\",\"url\":\"https:\\\/\\\/cardiffmuseum.com\\\/cy\\\/cragen-dro\\\/\",\"name\":\"Cragen dro - Stori Caerdydd\",\"isPartOf\":{\"@id\":\"https:\\\/\\\/cardiffmuseum.com\\\/#website\"},\"datePublished\":\"2020-07-23T14:54:37+00:00\",\"breadcrumb\":{\"@id\":\"https:\\\/\\\/cardiffmuseum.com\\\/cy\\\/cragen-dro\\\/#breadcrumb\"},\"inLanguage\":\"cy-GB\",\"potentialAction\":[{\"@type\":\"ReadAction\",\"target\":[\"https:\\\/\\\/cardiffmuseum.com\\\/cy\\\/cragen-dro\\\/\"]}]},{\"@type\":\"BreadcrumbList\",\"@id\":\"https:\\\/\\\/cardiffmuseum.com\\\/cy\\\/cragen-dro\\\/#breadcrumb\",\"itemListElement\":[{\"@type\":\"ListItem\",\"position\":1,\"name\":\"Home\",\"item\":\"https:\\\/\\\/cardiffmuseum.com\\\/cy\\\/\"},{\"@type\":\"ListItem\",\"position\":2,\"name\":\"Cragen dro\"}]},{\"@type\":\"WebSite\",\"@id\":\"https:\\\/\\\/cardiffmuseum.com\\\/#website\",\"url\":\"https:\\\/\\\/cardiffmuseum.com\\\/\",\"name\":\"Stori Caerdydd\",\"description\":\"Stori Caerdydd\",\"potentialAction\":[{\"@type\":\"SearchAction\",\"target\":{\"@type\":\"EntryPoint\",\"urlTemplate\":\"https:\\\/\\\/cardiffmuseum.com\\\/?s={search_term_string}\"},\"query-input\":{\"@type\":\"PropertyValueSpecification\",\"valueRequired\":true,\"valueName\":\"search_term_string\"}}],\"inLanguage\":\"cy-GB\"}]}<\/script>\n<!-- \/ Yoast SEO plugin. -->","yoast_head_json":{"title":"Cragen dro - Stori Caerdydd","robots":{"index":"index","follow":"follow","max-snippet":"max-snippet:-1","max-image-preview":"max-image-preview:large","max-video-preview":"max-video-preview:-1"},"canonical":"https:\/\/cardiffmuseum.com\/cy\/cragen-dro\/","og_locale":"cy_GB","og_type":"article","og_title":"Cragen dro - Stori Caerdydd","og_description":"[vc_row][vc_column width=&#8221;1\/1&#8243;][\/vc_column][\/vc_row][vc_row][vc_column width=&#8221;1\/2&#8243;][vc_column_text]Mae Debanjali yn dweud wrthym am y gragen dro: \u201cMae\u2019r gragen dro yn rhywbeth rydw i a llawer o bobl Hind\u0175aidd o India a phobl Fwdhaidd wedi gwrando arni ers ein plentyndod. Mae\u2019n wrthrych sydd i\u2019w weld yn y rhan fwyaf o leoedd addoli Hind\u0175aidd a Bwdhaidd. Mae\u2019n wrthrych a oedd yn gyffredin bron ym mhob aelwyd Hind\u0175aidd tan gwpl o ddegawdau yn \u00f4l mwy na thebyg. Dwi ddim yn si\u0175r a yw mor gyffredin nawr, si\u0175r o fod nad ydyw. Pan oeddem yn blant, cawsant ein magu yn edrych ar ddelweddau o dduwiau a duwiesau Hind\u0175aidd yn dal y gragen dro fel symbol o fywyd, gan fod y gragen dro yn dod o\u2019r d\u0175r, a datblygodd bywyd o\u2019r d\u0175r. Mae\u2019n symbol o burdeb \u2013 rhywbeth sanctaidd iawn, rhywbeth dwyfol.[\/vc_column_text][\/vc_column][vc_column width=&#8221;1\/2&#8243;][vc_single_image image=&#8221;2329&#8243; img_size=&#8221;large&#8221;][\/vc_column][\/vc_row][vc_row][vc_column width=&#8221;1\/1&#8243;][\/vc_column][\/vc_row][vc_row][vc_column width=&#8221;1\/1&#8243;][vc_column_text]Yn draddodiadol, tan heddiw, mae\u2019n cael ei defnyddio\u2019n bennaf mewn ffordd debyg i gloch eglwys, er enghraifft, yn y rhan hon o\u2019r byd. Ei diben yw rhoi gwybod i bobl bod gwasanaeth crefyddol yn cael ei gynnal neu bod rhyw fath o ddefod grefyddol yn digwydd mewn teml, neu hyd yn oed mewn cartref rhywun. Bydd hefyd yn cael ei defnyddio ar gyfer llawer [&hellip;]","og_url":"https:\/\/cardiffmuseum.com\/cy\/cragen-dro\/","og_site_name":"Stori Caerdydd","twitter_card":"summary_large_image","twitter_misc":{"Est. reading time":"2 minutes"},"schema":{"@context":"https:\/\/schema.org","@graph":[{"@type":"WebPage","@id":"https:\/\/cardiffmuseum.com\/cy\/cragen-dro\/","url":"https:\/\/cardiffmuseum.com\/cy\/cragen-dro\/","name":"Cragen dro - Stori Caerdydd","isPartOf":{"@id":"https:\/\/cardiffmuseum.com\/#website"},"datePublished":"2020-07-23T14:54:37+00:00","breadcrumb":{"@id":"https:\/\/cardiffmuseum.com\/cy\/cragen-dro\/#breadcrumb"},"inLanguage":"cy-GB","potentialAction":[{"@type":"ReadAction","target":["https:\/\/cardiffmuseum.com\/cy\/cragen-dro\/"]}]},{"@type":"BreadcrumbList","@id":"https:\/\/cardiffmuseum.com\/cy\/cragen-dro\/#breadcrumb","itemListElement":[{"@type":"ListItem","position":1,"name":"Home","item":"https:\/\/cardiffmuseum.com\/cy\/"},{"@type":"ListItem","position":2,"name":"Cragen dro"}]},{"@type":"WebSite","@id":"https:\/\/cardiffmuseum.com\/#website","url":"https:\/\/cardiffmuseum.com\/","name":"Stori Caerdydd","description":"Stori Caerdydd","potentialAction":[{"@type":"SearchAction","target":{"@type":"EntryPoint","urlTemplate":"https:\/\/cardiffmuseum.com\/?s={search_term_string}"},"query-input":{"@type":"PropertyValueSpecification","valueRequired":true,"valueName":"search_term_string"}}],"inLanguage":"cy-GB"}]}},"_links":{"self":[{"href":"https:\/\/cardiffmuseum.com\/cy\/wp-json\/wp\/v2\/pages\/2558","targetHints":{"allow":["GET"]}}],"collection":[{"href":"https:\/\/cardiffmuseum.com\/cy\/wp-json\/wp\/v2\/pages"}],"about":[{"href":"https:\/\/cardiffmuseum.com\/cy\/wp-json\/wp\/v2\/types\/page"}],"author":[{"embeddable":true,"href":"https:\/\/cardiffmuseum.com\/cy\/wp-json\/wp\/v2\/users\/2"}],"replies":[{"embeddable":true,"href":"https:\/\/cardiffmuseum.com\/cy\/wp-json\/wp\/v2\/comments?post=2558"}],"version-history":[{"count":3,"href":"https:\/\/cardiffmuseum.com\/cy\/wp-json\/wp\/v2\/pages\/2558\/revisions"}],"predecessor-version":[{"id":2574,"href":"https:\/\/cardiffmuseum.com\/cy\/wp-json\/wp\/v2\/pages\/2558\/revisions\/2574"}],"wp:attachment":[{"href":"https:\/\/cardiffmuseum.com\/cy\/wp-json\/wp\/v2\/media?parent=2558"}],"curies":[{"name":"wp","href":"https:\/\/api.w.org\/{rel}","templated":true}]}}